{"id":180,"date":"2019-07-09T15:07:40","date_gmt":"2019-07-09T15:07:40","guid":{"rendered":"http:\/\/smartplus.wgl-demo.net\/?page_id=180"},"modified":"2024-04-23T21:23:38","modified_gmt":"2024-04-24T02:23:38","slug":"home","status":"publish","type":"page","link":"https:\/\/capevlac2.olade.org\/energia-renovable\/","title":{"rendered":"Home"},"content":{"rendered":"<section class=\"wpb-content-wrapper\">[vc_row][vc_column]\n\t\t\t<!-- START home1 REVOLUTION SLIDER 6.6.3 --><p class=\"rs-p-wp-fix\"><\/p>\n\t\t\t<rs-module-wrap id=\"rev_slider_1_1_wrapper\" data-source=\"gallery\" style=\"visibility:hidden;background:transparent;padding:0;margin:0px auto;margin-top:0;margin-bottom:0;\">\n\t\t\t\t<rs-module id=\"rev_slider_1_1\" style=\"\" data-version=\"6.6.3\">\n\t\t\t\t\t<rs-slides style=\"overflow: hidden; position: absolute;\">\n\t\t\t\t\t\t<rs-slide style=\"position: absolute;\" data-key=\"rs-1\" data-title=\"Slide\" data-anim=\"ms:290;r:0;\" data-in=\"o:0;\" data-out=\"a:false;\">\n\t\t\t\t\t\t\t<img src=\"\/\/capevlac2.olade.org\/energia-renovable\/wp-content\/plugins\/revslider\/public\/assets\/assets\/dummy.png\" alt=\"\" title=\"banner_energi\u0301a_renovable-01\" width=\"1920\" height=\"550\" class=\"rev-slidebg tp-rs-img rs-lazyload\" data-lazyload=\"\/\/capevlac2.olade.org\/energia-renovable\/wp-content\/uploads\/sites\/7\/2020\/08\/banner_energi\u0301a_renovable-01.jpg\" data-bg=\"p:center top;\" data-parallax=\"off\" data-no-retina>\n<!---->\t\t\t\t\t\t<\/rs-slide>\n\t\t\t\t\t<\/rs-slides>\n\t\t\t\t<\/rs-module>\n\t\t\t\t<script>\n\t\t\t\t\tsetREVStartSize({c: 'rev_slider_1_1',rl:[1240,1024,778,480],el:[550,750,700,500],gw:[1920,1024,778,480],gh:[550,550,700,500],type:'standard',justify:'',layout:'fullwidth',mh:\"0\"});if (window.RS_MODULES!==undefined && window.RS_MODULES.modules!==undefined && window.RS_MODULES.modules[\"revslider11\"]!==undefined) {window.RS_MODULES.modules[\"revslider11\"].once = false;window.revapi1 = undefined;if (window.RS_MODULES.checkMinimal!==undefined) window.RS_MODULES.checkMinimal()}\n\t\t\t\t<\/script>\n\t\t\t<\/rs-module-wrap>\n\t\t\t<!-- END REVOLUTION SLIDER -->\n[wgl_spacing spacer_size=&#8221;20px&#8221;][\/vc_column][\/vc_row][vc_row][vc_column][vc_row_inner][vc_column_inner width=&#8221;2\/3&#8243;][wgl_spacing spacer_size=&#8221;30px&#8221;][wgl_double_headings title_size=&#8221;38px&#8221; title_color=&#8221;#000b1d&#8221; subtitle_color=&#8221;#000b1d&#8221; subtitle=&#8221;Nosotros&#8221;]Antecedentes[\/wgl_double_headings][vc_column_text]<span style=\"color: #333333;\">Mejorar, Aumentar y Facilitar el Acceso a la Educaci\u00f3n y Capacitaci\u00f3n en Energ\u00eda Renovable en Am\u00e9rica Latina (ETRELA, por sus siglas en ingl\u00e9s), es un proyecto que forma parte de la Iniciativa Internacional de Protecci\u00f3n del Clima (IKI) y es liderado por la Organizaci\u00f3n Latinoamericana de Energ\u00eda (Olade), mismo que cuenta con el apoyo financiero del Ministerio Federal de Medio Ambiente, Protecci\u00f3n de la Naturaleza y Seguridad Nuclear de Alemania, tras una decisi\u00f3n del Parlamento alem\u00e1n (Bundestag).<\/span>[\/vc_column_text][\/vc_column_inner][vc_column_inner width=&#8221;1\/3&#8243;][wgl_spacing spacer_size=&#8221;90px&#8221;][vc_single_image image=&#8221;3608&#8243; img_size=&#8221;full&#8221; css=&#8221;.vc_custom_1585087455185{margin-top: 50px !important;}&#8221;][wgl_spacing spacer_size=&#8221;50px&#8221;][\/vc_column_inner][\/vc_row_inner][vc_column_text]La continua y creciente demanda de energ\u00eda de la sociedad ha ocasionado impactos ambientales, debido principalmente al uso excesivo de fuentes de energ\u00eda que representan altos costos ambientales, sociales y econ\u00f3micos.<span class=\"Apple-converted-space\">\u00a0<\/span><\/p>\n<p>La promoci\u00f3n e impulso en el desarrollo y uso de fuentes de energ\u00eda de menor impacto ambiental representan una buena medida para orientar al sector energ\u00e9tico a un desarrollo sustentable. En este espacio se facilita la informaci\u00f3n de proyectos, experiencias, conocimientos, normativas entre otros enfocados al desarrollo e implementaci\u00f3n de fuentes de energ\u00eda sustentables.[\/vc_column_text][wgl_spacing spacer_size=&#8221;80px&#8221;][\/vc_column][\/vc_row][vc_row][vc_column][wgl_double_headings title_size=&#8221;38px&#8221; title_color=&#8221;#2c2c2c&#8221; subtitle_color=&#8221;#2c2c2c&#8221;]Nuestros Cooperantes[\/wgl_double_headings][wgl_clients item_grid=&#8221;5&#8243; item_anim=&#8221;opacity&#8221; values=&#8221;%5B%7B%22thumbnail%22%3A%223748%22%7D%2C%7B%22thumbnail%22%3A%223752%22%7D%2C%7B%22thumbnail%22%3A%223745%22%7D%2C%7B%22thumbnail%22%3A%223750%22%7D%2C%7B%22thumbnail%22%3A%223749%22%7D%2C%7B%22thumbnail%22%3A%223747%22%7D%2C%7B%22thumbnail%22%3A%223746%22%7D%2C%7B%22thumbnail%22%3A%223751%22%7D%2C%7B%22thumbnail%22%3A%223744%22%7D%5D&#8221; use_carousel=&#8221;true&#8221; autoplay=&#8221;true&#8221;][\/vc_column][\/vc_row][vc_row full_width=&#8221;stretch_row&#8221; equal_height=&#8221;yes&#8221; add_extended=&#8221;true&#8221; values=&#8221;%5B%7B%22extended_animation%22%3A%22particles%22%2C%22drop_colors%22%3A%22random_colors%22%2C%22part_color%22%3A%22%23ff7e00%22%2C%22part_color_1%22%3A%22%233e8b32%22%2C%22part_color_2%22%3A%22%23256961%22%2C%22part_color_3%22%3A%22%23e0f1dd%22%2C%22particles_number%22%3A%2210%22%2C%22particles_size%22%3A%2210%22%2C%22particles_speed%22%3A%222%22%2C%22hover_anim%22%3A%22none%22%2C%22parallax_dir%22%3A%22vertical%22%2C%22parallax_factor%22%3A%220.3%22%2C%22morph_style%22%3A%22style_1%22%2C%22morph_speed%22%3A%2210%22%2C%22morph_color%22%3A%22%23f8f7f6%22%2C%22morph_rotation%22%3A%220%22%2C%22particles_position_top%22%3A%220%22%2C%22particles_position_left%22%3A%220%22%2C%22particles_width%22%3A%22100%22%2C%22particles_height%22%3A%22100%22%2C%22hide_on_mobile%22%3A%22true%22%2C%22resp_hide%22%3A%22600%22%7D%5D&#8221; css=&#8221;.vc_custom_1585699580597{background-color: #f8f8f8 !important;}&#8221;][vc_column][wgl_spacing spacer_size=&#8221;30&#8243; responsive_mobile=&#8221;true&#8221; size_mobile=&#8221;160&#8243;][\/vc_column][vc_column offset=&#8221;vc_col-lg-offset-2 vc_col-lg-8 vc_col-md-offset-1 vc_col-md-10&#8243;][wgl_double_headings align=&#8221;center&#8221; title_size=&#8221;38px&#8221; title_line_height=&#8221;58px&#8221; title_color=&#8221;#2c2c2c&#8221; subtitle_line_height=&#8221;16px&#8221; subtitle_color=&#8221;#2c2c2c&#8221; subtitle=&#8221;Oferta acad\u00e9mica&#8221; responsive_font=&#8221;true&#8221; font_size_mobile=&#8221;39&#8243;]Cursos y Webinars[\/wgl_double_headings][wgl_spacing spacer_size=&#8221;20px&#8221;][\/vc_column][vc_column css=&#8221;.vc_custom_1569855452981{padding-top: 15px !important;}&#8221;][wgl_lp_courses courses_navigation=&#8221;pagination&#8221; course_content_align=&#8221;center&#8221; hide_excerpt=&#8221;&#8221; excerpt_chars=&#8221;190&#8243; heading_margin_bottom=&#8221;10&#8243; number_of_posts=&#8221;4&#8243; order_by=&#8221;date&#8221; order=&#8221;DESC&#8221; hide_students=&#8221;true&#8221; hide_reviews=&#8221;true&#8221; isotop_filter_use=&#8221;true&#8221; hover_animation=&#8221;true&#8221; by_posts=&#8221;maestria-transicion-energetica&#8221; exclude_any=&#8221;true&#8221;][\/vc_column][\/vc_row][vc_row][vc_column][wgl_spacing spacer_size=&#8221;60&#8243;][wgl_double_headings title_size=&#8221;38&#8243; title_color=&#8221;#2c2c2c&#8221; subtitle_color=&#8221;#2c2c2c&#8221; subtitle=&#8221;Nuestro Conocimiento&#8221;]Productos[\/wgl_double_headings][wgl_spacing spacer_size=&#8221;30&#8243;][wgl_blog_posts_tiny_img hide_content=&#8221;&#8221; read_more_text=&#8221;Ver M\u00e1s&#8221; content_letter_count=&#8221;300&#8243; heading_margin_bottom=&#8221;10px&#8221; heading_font_size=&#8221;18&#8243; heading_line_height=&#8221;20&#8243; content_font_size=&#8221;14&#8243; number_of_posts=&#8221;3&#8243; order_by=&#8221;date&#8221; order=&#8221;DESC&#8221; hide_postmeta=&#8221;true&#8221; custom_fonts_blog_size_headings=&#8221;true&#8221; custom_fonts_blog_size_content=&#8221;true&#8221; categories=&#8221;productos&#8221;][\/vc_column][\/vc_row]\n<\/section>","protected":false},"excerpt":{"rendered":"<p>[vc_row][vc_column][wgl_spacing spacer_size=&#8221;20px&#8221;][\/vc_column][\/vc_row][vc_row][vc_column][vc_row_inner][vc_column_inner width=&#8221;2\/3&#8243;][wgl_spacing spacer_size=&#8221;30px&#8221;][wgl_double_headings title_size=&#8221;38px&#8221; title_color=&#8221;#000b1d&#8221; subtitle_color=&#8221;#000b1d&#8221; subtitle=&#8221;Nosotros&#8221;]Antecedentes[\/wgl_double_headings][vc_column_text]Mejorar, Aumentar y Facilitar el Acceso a la Educaci\u00f3n y Capacitaci\u00f3n en Energ\u00eda [&hellip;]<\/p>\n","protected":false},"author":1,"featured_media":0,"parent":0,"menu_order":0,"comment_status":"closed","ping_status":"closed","template":"","meta":{"footnotes":""},"_links":{"self":[{"href":"https:\/\/capevlac2.olade.org\/energia-renovable\/wp-json\/wp\/v2\/pages\/180"}],"collection":[{"href":"https:\/\/capevlac2.olade.org\/energia-renovable\/wp-json\/wp\/v2\/pages"}],"about":[{"href":"https:\/\/capevlac2.olade.org\/energia-renovable\/wp-json\/wp\/v2\/types\/page"}],"author":[{"embeddable":true,"href":"https:\/\/capevlac2.olade.org\/energia-renovable\/wp-json\/wp\/v2\/users\/1"}],"replies":[{"embeddable":true,"href":"https:\/\/capevlac2.olade.org\/energia-renovable\/wp-json\/wp\/v2\/comments?post=180"}],"version-history":[{"count":2,"href":"https:\/\/capevlac2.olade.org\/energia-renovable\/wp-json\/wp\/v2\/pages\/180\/revisions"}],"predecessor-version":[{"id":8282,"href":"https:\/\/capevlac2.olade.org\/energia-renovable\/wp-json\/wp\/v2\/pages\/180\/revisions\/8282"}],"wp:attachment":[{"href":"https:\/\/capevlac2.olade.org\/energia-renovable\/wp-json\/wp\/v2\/media?parent=180"}],"curies":[{"name":"wp","href":"https:\/\/api.w.org\/{rel}","templated":true}]}}