{"id":180,"date":"2019-07-09T15:07:40","date_gmt":"2019-07-09T15:07:40","guid":{"rendered":"http:\/\/smartplus.wgl-demo.net\/?page_id=180"},"modified":"2023-02-10T11:19:28","modified_gmt":"2023-02-10T11:19:28","slug":"home","status":"publish","type":"page","link":"https:\/\/capevlac2.olade.org\/integracion-y-planificacion-energetica\/","title":{"rendered":"Home"},"content":{"rendered":"<section class=\"wpb-content-wrapper\">[vc_row][vc_column]\n\t\t\t<!-- START home1 REVOLUTION SLIDER 6.6.3 --><p class=\"rs-p-wp-fix\"><\/p>\n\t\t\t<rs-module-wrap id=\"rev_slider_1_1_wrapper\" data-source=\"gallery\" style=\"visibility:hidden;background:transparent;padding:0;margin:0px auto;margin-top:0;margin-bottom:0;\">\n\t\t\t\t<rs-module id=\"rev_slider_1_1\" style=\"\" data-version=\"6.6.3\">\n\t\t\t\t\t<rs-slides style=\"overflow: hidden; position: absolute;\">\n\t\t\t\t\t\t<rs-slide style=\"position: absolute;\" data-key=\"rs-1\" data-title=\"Slide\" data-anim=\"ms:290;r:0;\" data-in=\"o:0;\" data-out=\"a:false;\">\n\t\t\t\t\t\t\t<img src=\"\/\/capevlac2.olade.org\/integracion-y-planificacion-energetica\/wp-content\/plugins\/revslider\/public\/assets\/assets\/dummy.png\" alt=\"\" title=\"banner_Integracio\u0301n-Energe\u0301tica\" width=\"1920\" height=\"550\" class=\"rev-slidebg tp-rs-img rs-lazyload\" data-lazyload=\"\/\/capevlac2.olade.org\/integracion-y-planificacion-energetica\/wp-content\/uploads\/sites\/3\/2020\/08\/banner_Integracio\u0301n-Energe\u0301tica-1.jpg\" data-bg=\"p:center top;\" data-parallax=\"off\" data-no-retina>\n<!---->\t\t\t\t\t\t<\/rs-slide>\n\t\t\t\t\t<\/rs-slides>\n\t\t\t\t<\/rs-module>\n\t\t\t\t<script>\n\t\t\t\t\tsetREVStartSize({c: 'rev_slider_1_1',rl:[1240,1024,778,480],el:[550,750,700,500],gw:[1920,1024,778,480],gh:[550,550,700,500],type:'standard',justify:'',layout:'fullwidth',mh:\"0\"});if (window.RS_MODULES!==undefined && window.RS_MODULES.modules!==undefined && window.RS_MODULES.modules[\"revslider11\"]!==undefined) {window.RS_MODULES.modules[\"revslider11\"].once = false;window.revapi1 = undefined;if (window.RS_MODULES.checkMinimal!==undefined) window.RS_MODULES.checkMinimal()}\n\t\t\t\t<\/script>\n\t\t\t<\/rs-module-wrap>\n\t\t\t<!-- END REVOLUTION SLIDER -->\n[wgl_spacing spacer_size=&#8221;20px&#8221;][\/vc_column][\/vc_row][vc_row][vc_column][wgl_spacing spacer_size=&#8221;30px&#8221;][wgl_double_headings title_size=&#8221;38px&#8221; title_line_height=&#8221;58px&#8221; title_color=&#8221;#2c2c2c&#8221; subtitle_line_height=&#8221;16px&#8221; subtitle_color=&#8221;#2c2c2c&#8221; subtitle=&#8221;OLADE&#8221;]INTEGRACI\u00d3N Y PLANIFICACI\u00d3N ENERG\u00c9TICA[\/wgl_double_headings][wgl_spacing spacer_size=&#8221;30px&#8221;][vc_column_text]La gesti\u00f3n sostenible de los recursos energ\u00e9ticos es un tema estrat\u00e9gico y recurrente en los espacios de integraci\u00f3n regional en Am\u00e9rica Latina y el Caribe. En este sentido, a trav\u00e9s de OLADE se han impulsado y apoyado al desarrollo de interconexiones el\u00e9ctricas, gasoductos, intercambios de petr\u00f3leo y combustibles, programas conjuntos de energ\u00edas renovables, revisi\u00f3n y elaboraci\u00f3n de acuerdos internacionales de intercambio e integraci\u00f3n energ\u00e9tica en nuestra regi\u00f3n.<\/p>\n<p>Este espacio busca apuntalar estos procesos y brindar a los expertos una herramienta donde la informaci\u00f3n y experiencia pueda estar organizada, debatida y compartida para potenciar la planificaci\u00f3n energ\u00e9tica en un<span class=\"Apple-converted-space\">\u00a0 <\/span>entorno de integraci\u00f3n.[\/vc_column_text][wgl_spacing spacer_size=&#8221;30px&#8221;][\/vc_column][\/vc_row][vc_row full_width=&#8221;stretch_row&#8221; equal_height=&#8221;yes&#8221; add_extended=&#8221;true&#8221; values=&#8221;%5B%7B%22extended_animation%22%3A%22particles%22%2C%22drop_colors%22%3A%22random_colors%22%2C%22part_color%22%3A%22%23ff7e00%22%2C%22part_color_1%22%3A%22%2300c441%22%2C%22part_color_2%22%3A%22%23537d62%22%2C%22part_color_3%22%3A%22%23bacbc0%22%2C%22particles_number%22%3A%2210%22%2C%22particles_size%22%3A%2210%22%2C%22particles_speed%22%3A%222%22%2C%22hover_anim%22%3A%22none%22%2C%22parallax_dir%22%3A%22vertical%22%2C%22parallax_factor%22%3A%220.3%22%2C%22morph_style%22%3A%22style_1%22%2C%22morph_speed%22%3A%2210%22%2C%22morph_color%22%3A%22%23f8f7f6%22%2C%22morph_rotation%22%3A%220%22%2C%22particles_position_top%22%3A%220%22%2C%22particles_position_left%22%3A%220%22%2C%22particles_width%22%3A%22100%22%2C%22particles_height%22%3A%22100%22%2C%22hide_on_mobile%22%3A%22true%22%2C%22resp_hide%22%3A%22600%22%7D%5D&#8221; css=&#8221;.vc_custom_1585714206883{background-color: #f8f8f8 !important;}&#8221;][vc_column][wgl_spacing spacer_size=&#8221;30&#8243; responsive_mobile=&#8221;true&#8221; size_mobile=&#8221;160&#8243;][\/vc_column][vc_column offset=&#8221;vc_col-lg-offset-2 vc_col-lg-8 vc_col-md-offset-1 vc_col-md-10&#8243;][wgl_double_headings align=&#8221;center&#8221; title_size=&#8221;38px&#8221; title_line_height=&#8221;58px&#8221; title_color=&#8221;#2c2c2c&#8221; subtitle_line_height=&#8221;16px&#8221; subtitle_color=&#8221;#2c2c2c&#8221; subtitle=&#8221;Descubre cosas nuevas&#8221; responsive_font=&#8221;true&#8221; font_size_mobile=&#8221;39&#8243;]Pr\u00f3ximas capacitaciones[\/wgl_double_headings][wgl_spacing spacer_size=&#8221;20px&#8221;][\/vc_column][vc_column css=&#8221;.vc_custom_1569855452981{padding-top: 15px !important;}&#8221;][wgl_lp_courses courses_layout=&#8221;carousel&#8221; grid_columns=&#8221;4&#8243; course_content_align=&#8221;center&#8221; hide_excerpt=&#8221;&#8221; pag_type=&#8221;square&#8221; heading_margin_bottom=&#8221;10&#8243; number_of_posts=&#8221;4&#8243; order_by=&#8221;date&#8221; order=&#8221;DESC&#8221; hide_students=&#8221;true&#8221; hide_reviews=&#8221;true&#8221;][\/vc_column][\/vc_row][vc_row][vc_column][wgl_spacing spacer_size=&#8221;30px&#8221;][wgl_double_headings title_size=&#8221;38px&#8221; title_line_height=&#8221;58px&#8221; title_color=&#8221;#2c2c2c&#8221; subtitle_line_height=&#8221;16px&#8221; subtitle_color=&#8221;#2c2c2c&#8221; subtitle=&#8221;INTEGRACI\u00d3N Y PLANIFICACI\u00d3N ENERG\u00c9TICA&#8221;]Noticias[\/wgl_double_headings][wgl_spacing spacer_size=&#8221;30px&#8221;][wgl_blog_posts_standard blog_columns=&#8221;4&#8243; heading_margin_bottom=&#8221;13px&#8221; number_of_posts=&#8221;12&#8243; order_by=&#8221;date&#8221; order=&#8221;ASC&#8221;][wgl_spacing spacer_size=&#8221;30px&#8221;][\/vc_column][\/vc_row]\n<\/section>","protected":false},"excerpt":{"rendered":"<p>[vc_row][vc_column][wgl_spacing spacer_size=&#8221;20px&#8221;][\/vc_column][\/vc_row][vc_row][vc_column][wgl_spacing spacer_size=&#8221;30px&#8221;][wgl_double_headings title_size=&#8221;38px&#8221; title_line_height=&#8221;58px&#8221; title_color=&#8221;#2c2c2c&#8221; subtitle_line_height=&#8221;16px&#8221; subtitle_color=&#8221;#2c2c2c&#8221; subtitle=&#8221;OLADE&#8221;]INTEGRACI\u00d3N Y PLANIFICACI\u00d3N ENERG\u00c9TICA[\/wgl_double_headings][wgl_spacing spacer_size=&#8221;30px&#8221;][vc_column_text]La gesti\u00f3n sostenible de los recursos energ\u00e9ticos es [&hellip;]<\/p>\n","protected":false},"author":1,"featured_media":0,"parent":0,"menu_order":0,"comment_status":"closed","ping_status":"closed","template":"","meta":{"footnotes":""},"_links":{"self":[{"href":"https:\/\/capevlac2.olade.org\/integracion-y-planificacion-energetica\/wp-json\/wp\/v2\/pages\/180"}],"collection":[{"href":"https:\/\/capevlac2.olade.org\/integracion-y-planificacion-energetica\/wp-json\/wp\/v2\/pages"}],"about":[{"href":"https:\/\/capevlac2.olade.org\/integracion-y-planificacion-energetica\/wp-json\/wp\/v2\/types\/page"}],"author":[{"embeddable":true,"href":"https:\/\/capevlac2.olade.org\/integracion-y-planificacion-energetica\/wp-json\/wp\/v2\/users\/1"}],"replies":[{"embeddable":true,"href":"https:\/\/capevlac2.olade.org\/integracion-y-planificacion-energetica\/wp-json\/wp\/v2\/comments?post=180"}],"version-history":[{"count":0,"href":"https:\/\/capevlac2.olade.org\/integracion-y-planificacion-energetica\/wp-json\/wp\/v2\/pages\/180\/revisions"}],"wp:attachment":[{"href":"https:\/\/capevlac2.olade.org\/integracion-y-planificacion-energetica\/wp-json\/wp\/v2\/media?parent=180"}],"curies":[{"name":"wp","href":"https:\/\/api.w.org\/{rel}","templated":true}]}}